{"id":886,"date":"2014-06-14T20:07:21","date_gmt":"2014-06-14T18:07:21","guid":{"rendered":"http:\/\/www.steffkotter.com\/music\/?page_id=886"},"modified":"2019-04-09T12:48:41","modified_gmt":"2019-04-09T10:48:41","slug":"piano-solo-2","status":"publish","type":"page","link":"https:\/\/www.steffkotter.com\/music\/piano-solo-2\/","title":{"rendered":"Steff Kotter"},"content":{"rendered":"<p>[et_pb_section fb_built=&#8220;1&#8243; fullwidth=&#8220;on&#8220; _builder_version=&#8220;3.0.86&#8243;][et_pb_fullwidth_image src=&#8220;http:\/\/www.steffkotter.com\/music\/wp-content\/uploads\/2018\/09\/P7A2222.jpg&#8220; _builder_version=&#8220;3.15&#8243;]<\/p>\n<p>\n&nbsp;<\/p>\n<p>[\/et_pb_fullwidth_image][\/et_pb_section][et_pb_section fb_built=&#8220;1&#8243; fullwidth=&#8220;on&#8220; _builder_version=&#8220;3.0.47&#8243;][et_pb_fullwidth_header admin_label=&#8220;Fullwidth Header&#8220; _builder_version=&#8220;3.21.1&#8243; subhead_font_size=&#8220;20px&#8220; background_color=&#8220;rgba(255, 255, 255, 0)&#8220; background_layout=&#8220;light&#8220; button_one_text_size__hover_enabled=&#8220;off&#8220; button_one_text_size__hover=&#8220;null&#8220; button_two_text_size__hover_enabled=&#8220;off&#8220; button_two_text_size__hover=&#8220;null&#8220; button_one_text_color__hover_enabled=&#8220;off&#8220; button_one_text_color__hover=&#8220;null&#8220; button_two_text_color__hover_enabled=&#8220;off&#8220; button_two_text_color__hover=&#8220;null&#8220; button_one_border_width__hover_enabled=&#8220;off&#8220; button_one_border_width__hover=&#8220;null&#8220; button_two_border_width__hover_enabled=&#8220;off&#8220; button_two_border_width__hover=&#8220;null&#8220; button_one_border_color__hover_enabled=&#8220;off&#8220; button_one_border_color__hover=&#8220;null&#8220; button_two_border_color__hover_enabled=&#8220;off&#8220; button_two_border_color__hover=&#8220;null&#8220; button_one_border_radius__hover_enabled=&#8220;off&#8220; button_one_border_radius__hover=&#8220;null&#8220; button_two_border_radius__hover_enabled=&#8220;off&#8220; button_two_border_radius__hover=&#8220;null&#8220; button_one_letter_spacing__hover_enabled=&#8220;off&#8220; button_one_letter_spacing__hover=&#8220;null&#8220; button_two_letter_spacing__hover_enabled=&#8220;off&#8220; button_two_letter_spacing__hover=&#8220;null&#8220; button_one_bg_color__hover_enabled=&#8220;off&#8220; button_one_bg_color__hover=&#8220;null&#8220; button_two_bg_color__hover_enabled=&#8220;off&#8220; button_two_bg_color__hover=&#8220;null&#8220; title_font=&#8220;||||||||&#8220;]<\/p>\n<h1>STEFF KOTTER\u00a0 \u00a0<a href=\"https:\/\/www.steffkotter.com\/music\/wp-content\/uploads\/2019\/03\/facebook-seitenlink.png\" style=\"font-size: 16px;\"><img loading=\"lazy\" decoding=\"async\" src=\"https:\/\/www.steffkotter.com\/music\/wp-content\/uploads\/2019\/03\/facebook-seitenlink.png\" width=\"30\" height=\"30\" alt=\"\" \/><\/a><\/h1>\n<p>&nbsp;<\/p>\n<h3>Solo, aber Hallo:<\/h3>\n<p>Steff Kotter &#8211; Pianist, Keyboarder und S\u00e4nger.<\/p>\n<p>Er ist K\u00fcnstler, Vollblutmusiker , Organisator mit k\u00fcnstlerischem Gesp\u00fcr.<\/p>\n<p>Der typische Steff Kotter Sound ist groovig, soulig, streift den Swing , immer mit Feeling. Er kann mit seiner Musik sein Publikum \u00fcberzeugen, umstimmen, provozieren oder zum Weinen bringen; er sorgt f\u00fcr G\u00e4nsehautfeeling und l\u00e4sst die Augen gl\u00fccklich funkeln.<\/p>\n<p>&nbsp;<\/p>\n<h3>Seine Musik ist individuell und \u00fcberzeugend !<\/h3>\n<p>Steff Kotter spielt &amp; singt so wie es zum Anlass, zum Publikum und zur Stimmung passt. Durch seine langj\u00e4hrige Erfahrung als Musiker wei\u00df Steff ganz genau in charmanter, k\u00fcnstlerischer und humorvoller Art sein Publikum auf h\u00f6chstem musikalischen Niveau zu unterhalten.<\/p>\n<p>Immer mit Feeling, in eigener Interpretation und musikalischer St\u00e4rke; die feine Mischung aus kozertant &amp; unterhaltend!<\/p>\n<p>Das ist f\u00fcr Ihn immer wieder aufs Neue eine gro\u00dfe Herausforderung die er mit Leidenschaft bestens meistert und die Zuh\u00f6rer immer wieder in seine Musikwelt mitrei\u00dft!<\/p>\n<p>&nbsp;<\/p>\n<h3>Das einmalige STEFF KOTTER &#8211; Live &amp; DJ Package f\u00fcr Veranstaltungen:<\/h3>\n<p>Steff stimmt sich mit Piano &amp; Gesang wunderbar auf Anlass und Publikum ein, immer mit Leidenschaft, eigener Interpretation und musikalischer St\u00e4rke.\u00a0Bei den Songs, die er als DJ aus seinem Koffer zaubert, k\u00f6nnen Musikliebhaber mit Garantie nicht mehr stillsitzen. Sie m\u00fcssen einfach das Tanzbein schwingen.<\/p>\n<p>[\/et_pb_fullwidth_header][\/et_pb_section][et_pb_section fb_built=&#8220;1&#8243; _builder_version=&#8220;3.0.47&#8243; custom_padding=&#8220;0px|0px|0px|0px&#8220;][et_pb_row _builder_version=&#8220;3.17.6&#8243; background_size=&#8220;initial&#8220; background_position=&#8220;top_left&#8220; background_repeat=&#8220;repeat&#8220;][et_pb_column type=&#8220;1_3&#8243; _builder_version=&#8220;3.0.47&#8243;][\/et_pb_column][et_pb_column type=&#8220;1_3&#8243; _builder_version=&#8220;3.0.47&#8243;][et_pb_video src=&#8220;https:\/\/www.steffkotter.com\/music\/wp-content\/uploads\/2018\/12\/Steff-Film-1.1-It-dont-mean-a-thing-.mp4&#8243; _builder_version=&#8220;3.17.6&#8243;][\/et_pb_video][\/et_pb_column][et_pb_column type=&#8220;1_3&#8243; _builder_version=&#8220;3.0.47&#8243;][\/et_pb_column][\/et_pb_row][\/et_pb_section][et_pb_section fb_built=&#8220;1&#8243; _builder_version=&#8220;3.0.74&#8243; background_color=&#8220;#333333&#8243;][et_pb_row _builder_version=&#8220;3.0.47&#8243; background_size=&#8220;initial&#8220; background_position=&#8220;top_left&#8220; background_repeat=&#8220;repeat&#8220;][et_pb_column type=&#8220;4_4&#8243; _builder_version=&#8220;3.0.47&#8243;][et_pb_cta title=&#8220;Get In Touch &#8230; &#8220; button_url=&#8220;http:\/\/www.steffkotter.com\/music\/kontakt-2\/&#8220; button_text=&#8220;Contact&#8220; admin_label=&#8220;Call To Action&#8220; _builder_version=&#8220;3.16&#8243; use_background_color=&#8220;off&#8220; background_size=&#8220;initial&#8220; background_position=&#8220;top_left&#8220; background_repeat=&#8220;repeat&#8220; button_text_size__hover_enabled=&#8220;off&#8220; button_text_size__hover=&#8220;null&#8220; button_one_text_size__hover_enabled=&#8220;off&#8220; button_one_text_size__hover=&#8220;null&#8220; button_two_text_size__hover_enabled=&#8220;off&#8220; button_two_text_size__hover=&#8220;null&#8220; button_text_color__hover_enabled=&#8220;off&#8220; button_text_color__hover=&#8220;null&#8220; button_one_text_color__hover_enabled=&#8220;off&#8220; button_one_text_color__hover=&#8220;null&#8220; button_two_text_color__hover_enabled=&#8220;off&#8220; button_two_text_color__hover=&#8220;null&#8220; button_border_width__hover_enabled=&#8220;off&#8220; button_border_width__hover=&#8220;null&#8220; button_one_border_width__hover_enabled=&#8220;off&#8220; button_one_border_width__hover=&#8220;null&#8220; button_two_border_width__hover_enabled=&#8220;off&#8220; button_two_border_width__hover=&#8220;null&#8220; button_border_color__hover_enabled=&#8220;off&#8220; button_border_color__hover=&#8220;null&#8220; button_one_border_color__hover_enabled=&#8220;off&#8220; button_one_border_color__hover=&#8220;null&#8220; button_two_border_color__hover_enabled=&#8220;off&#8220; button_two_border_color__hover=&#8220;null&#8220; button_border_radius__hover_enabled=&#8220;off&#8220; button_border_radius__hover=&#8220;null&#8220; button_one_border_radius__hover_enabled=&#8220;off&#8220; button_one_border_radius__hover=&#8220;null&#8220; button_two_border_radius__hover_enabled=&#8220;off&#8220; button_two_border_radius__hover=&#8220;null&#8220; button_letter_spacing__hover_enabled=&#8220;off&#8220; button_letter_spacing__hover=&#8220;null&#8220; button_one_letter_spacing__hover_enabled=&#8220;off&#8220; button_one_letter_spacing__hover=&#8220;null&#8220; button_two_letter_spacing__hover_enabled=&#8220;off&#8220; button_two_letter_spacing__hover=&#8220;null&#8220; button_bg_color__hover_enabled=&#8220;off&#8220; button_bg_color__hover=&#8220;null&#8220; button_one_bg_color__hover_enabled=&#8220;off&#8220; button_one_bg_color__hover=&#8220;null&#8220; button_two_bg_color__hover_enabled=&#8220;off&#8220; button_two_bg_color__hover=&#8220;null&#8220;]<\/p>\n<p>\n&nbsp;<\/p>\n<p>[\/et_pb_cta][\/et_pb_column][\/et_pb_row][\/et_pb_section]<\/p>\n","protected":false},"excerpt":{"rendered":"<p>&nbsp;STEFF KOTTER\u00a0 \u00a0 &nbsp; Solo, aber Hallo: Steff Kotter &#8211; Pianist, Keyboarder und S\u00e4nger. Er ist K\u00fcnstler, Vollblutmusiker , Organisator mit k\u00fcnstlerischem Gesp\u00fcr. Der typische Steff Kotter Sound ist groovig, [&hellip;]<\/p>\n","protected":false},"author":4,"featured_media":0,"parent":0,"menu_order":0,"comment_status":"open","ping_status":"closed","template":"","meta":{"_et_pb_use_builder":"on","_et_pb_old_content":"","_et_gb_content_width":"","footnotes":""},"class_list":["post-886","page","type-page","status-publish","hentry"],"yoast_head":"<!-- This site is optimized with the Yoast SEO plugin v26.8 - https:\/\/yoast.com\/product\/yoast-seo-wordpress\/ -->\n<title>Steff Kotter Solo - Piano Vocals | Live Music | DJ | Musiker<\/title>\n<meta name=\"description\" content=\"Steff Kotter spielt &amp; singt so wie es zum Anlass, zum Publikum und zur Stimmung passt. Immer mit Feeling, in eigener Interpretation und musikalischer St\u00e4rke.\" \/>\n<meta name=\"robots\" content=\"index, follow, max-snippet:-1, max-image-preview:large, max-video-preview:-1\" \/>\n<link rel=\"canonical\" href=\"http:\/\/www.steffkotter.com\/music\/piano-solo-2\/\" \/>\n<meta property=\"og:locale\" content=\"de_DE\" \/>\n<meta property=\"og:type\" content=\"article\" \/>\n<meta property=\"og:title\" content=\"Steff Kotter Solo - Piano Vocals | Live Music | DJ | Musiker\" \/>\n<meta property=\"og:description\" content=\"Steff Kotter spielt &amp; singt so wie es zum Anlass, zum Publikum und zur Stimmung passt. Immer mit Feeling, in eigener Interpretation und musikalischer St\u00e4rke.\" \/>\n<meta property=\"og:url\" content=\"http:\/\/www.steffkotter.com\/music\/piano-solo-2\/\" \/>\n<meta property=\"og:site_name\" content=\"Steff Kotter MUSIC\" \/>\n<meta property=\"article:publisher\" content=\"https:\/\/www.facebook.com\/KillScoville\/\" \/>\n<meta property=\"article:modified_time\" content=\"2019-04-09T10:48:41+00:00\" \/>\n<meta property=\"og:image\" content=\"https:\/\/www.steffkotter.com\/music\/wp-content\/uploads\/2019\/03\/facebook-seitenlink.png\" \/>\n<meta name=\"twitter:card\" content=\"summary_large_image\" \/>\n<meta name=\"twitter:label1\" content=\"Gesch\u00e4tzte Lesezeit\" \/>\n\t<meta name=\"twitter:data1\" content=\"5\u00a0Minuten\" \/>\n<script type=\"application\/ld+json\" class=\"yoast-schema-graph\">{\"@context\":\"https:\/\/schema.org\",\"@graph\":[{\"@type\":\"WebPage\",\"@id\":\"http:\/\/www.steffkotter.com\/music\/piano-solo-2\/\",\"url\":\"http:\/\/www.steffkotter.com\/music\/piano-solo-2\/\",\"name\":\"Steff Kotter Solo - Piano Vocals | Live Music | DJ | Musiker\",\"isPartOf\":{\"@id\":\"https:\/\/www.steffkotter.com\/music\/#website\"},\"primaryImageOfPage\":{\"@id\":\"http:\/\/www.steffkotter.com\/music\/piano-solo-2\/#primaryimage\"},\"image\":{\"@id\":\"http:\/\/www.steffkotter.com\/music\/piano-solo-2\/#primaryimage\"},\"thumbnailUrl\":\"https:\/\/www.steffkotter.com\/music\/wp-content\/uploads\/2019\/03\/facebook-seitenlink.png\",\"datePublished\":\"2014-06-14T18:07:21+00:00\",\"dateModified\":\"2019-04-09T10:48:41+00:00\",\"description\":\"Steff Kotter spielt & singt so wie es zum Anlass, zum Publikum und zur Stimmung passt. Immer mit Feeling, in eigener Interpretation und musikalischer St\u00e4rke.\",\"breadcrumb\":{\"@id\":\"http:\/\/www.steffkotter.com\/music\/piano-solo-2\/#breadcrumb\"},\"inLanguage\":\"de\",\"potentialAction\":[{\"@type\":\"ReadAction\",\"target\":[\"http:\/\/www.steffkotter.com\/music\/piano-solo-2\/\"]}]},{\"@type\":\"ImageObject\",\"inLanguage\":\"de\",\"@id\":\"http:\/\/www.steffkotter.com\/music\/piano-solo-2\/#primaryimage\",\"url\":\"https:\/\/www.steffkotter.com\/music\/wp-content\/uploads\/2019\/03\/facebook-seitenlink.png\",\"contentUrl\":\"https:\/\/www.steffkotter.com\/music\/wp-content\/uploads\/2019\/03\/facebook-seitenlink.png\"},{\"@type\":\"BreadcrumbList\",\"@id\":\"http:\/\/www.steffkotter.com\/music\/piano-solo-2\/#breadcrumb\",\"itemListElement\":[{\"@type\":\"ListItem\",\"position\":1,\"name\":\"Startseite\",\"item\":\"https:\/\/www.steffkotter.com\/music\/\"},{\"@type\":\"ListItem\",\"position\":2,\"name\":\"Steff Kotter\"}]},{\"@type\":\"WebSite\",\"@id\":\"https:\/\/www.steffkotter.com\/music\/#website\",\"url\":\"https:\/\/www.steffkotter.com\/music\/\",\"name\":\"Steff Kotter MUSIC\",\"description\":\"Piano Solo | Kill Scoville | Monsta Voicepack\",\"publisher\":{\"@id\":\"https:\/\/www.steffkotter.com\/music\/#organization\"},\"potentialAction\":[{\"@type\":\"SearchAction\",\"target\":{\"@type\":\"EntryPoint\",\"urlTemplate\":\"https:\/\/www.steffkotter.com\/music\/?s={search_term_string}\"},\"query-input\":{\"@type\":\"PropertyValueSpecification\",\"valueRequired\":true,\"valueName\":\"search_term_string\"}}],\"inLanguage\":\"de\"},{\"@type\":\"Organization\",\"@id\":\"https:\/\/www.steffkotter.com\/music\/#organization\",\"name\":\"STEFF KOTTER MUSIC\",\"url\":\"https:\/\/www.steffkotter.com\/music\/\",\"logo\":{\"@type\":\"ImageObject\",\"inLanguage\":\"de\",\"@id\":\"https:\/\/www.steffkotter.com\/music\/#\/schema\/logo\/image\/\",\"url\":\"https:\/\/www.steffkotter.com\/music\/wp-content\/uploads\/2018\/12\/LOGO-Steff-Kotter.png\",\"contentUrl\":\"https:\/\/www.steffkotter.com\/music\/wp-content\/uploads\/2018\/12\/LOGO-Steff-Kotter.png\",\"width\":878,\"height\":454,\"caption\":\"STEFF KOTTER MUSIC\"},\"image\":{\"@id\":\"https:\/\/www.steffkotter.com\/music\/#\/schema\/logo\/image\/\"},\"sameAs\":[\"https:\/\/www.facebook.com\/KillScoville\/\",\"https:\/\/www.youtube.com\/user\/steffkotter\/videos\"]}]}<\/script>\n<!-- \/ Yoast SEO plugin. -->","yoast_head_json":{"title":"Steff Kotter Solo - Piano Vocals | Live Music | DJ | Musiker","description":"Steff Kotter spielt & singt so wie es zum Anlass, zum Publikum und zur Stimmung passt. Immer mit Feeling, in eigener Interpretation und musikalischer St\u00e4rke.","robots":{"index":"index","follow":"follow","max-snippet":"max-snippet:-1","max-image-preview":"max-image-preview:large","max-video-preview":"max-video-preview:-1"},"canonical":"http:\/\/www.steffkotter.com\/music\/piano-solo-2\/","og_locale":"de_DE","og_type":"article","og_title":"Steff Kotter Solo - Piano Vocals | Live Music | DJ | Musiker","og_description":"Steff Kotter spielt & singt so wie es zum Anlass, zum Publikum und zur Stimmung passt. Immer mit Feeling, in eigener Interpretation und musikalischer St\u00e4rke.","og_url":"http:\/\/www.steffkotter.com\/music\/piano-solo-2\/","og_site_name":"Steff Kotter MUSIC","article_publisher":"https:\/\/www.facebook.com\/KillScoville\/","article_modified_time":"2019-04-09T10:48:41+00:00","og_image":[{"url":"https:\/\/www.steffkotter.com\/music\/wp-content\/uploads\/2019\/03\/facebook-seitenlink.png","type":"","width":"","height":""}],"twitter_card":"summary_large_image","twitter_misc":{"Gesch\u00e4tzte Lesezeit":"5\u00a0Minuten"},"schema":{"@context":"https:\/\/schema.org","@graph":[{"@type":"WebPage","@id":"http:\/\/www.steffkotter.com\/music\/piano-solo-2\/","url":"http:\/\/www.steffkotter.com\/music\/piano-solo-2\/","name":"Steff Kotter Solo - Piano Vocals | Live Music | DJ | Musiker","isPartOf":{"@id":"https:\/\/www.steffkotter.com\/music\/#website"},"primaryImageOfPage":{"@id":"http:\/\/www.steffkotter.com\/music\/piano-solo-2\/#primaryimage"},"image":{"@id":"http:\/\/www.steffkotter.com\/music\/piano-solo-2\/#primaryimage"},"thumbnailUrl":"https:\/\/www.steffkotter.com\/music\/wp-content\/uploads\/2019\/03\/facebook-seitenlink.png","datePublished":"2014-06-14T18:07:21+00:00","dateModified":"2019-04-09T10:48:41+00:00","description":"Steff Kotter spielt & singt so wie es zum Anlass, zum Publikum und zur Stimmung passt. Immer mit Feeling, in eigener Interpretation und musikalischer St\u00e4rke.","breadcrumb":{"@id":"http:\/\/www.steffkotter.com\/music\/piano-solo-2\/#breadcrumb"},"inLanguage":"de","potentialAction":[{"@type":"ReadAction","target":["http:\/\/www.steffkotter.com\/music\/piano-solo-2\/"]}]},{"@type":"ImageObject","inLanguage":"de","@id":"http:\/\/www.steffkotter.com\/music\/piano-solo-2\/#primaryimage","url":"https:\/\/www.steffkotter.com\/music\/wp-content\/uploads\/2019\/03\/facebook-seitenlink.png","contentUrl":"https:\/\/www.steffkotter.com\/music\/wp-content\/uploads\/2019\/03\/facebook-seitenlink.png"},{"@type":"BreadcrumbList","@id":"http:\/\/www.steffkotter.com\/music\/piano-solo-2\/#breadcrumb","itemListElement":[{"@type":"ListItem","position":1,"name":"Startseite","item":"https:\/\/www.steffkotter.com\/music\/"},{"@type":"ListItem","position":2,"name":"Steff Kotter"}]},{"@type":"WebSite","@id":"https:\/\/www.steffkotter.com\/music\/#website","url":"https:\/\/www.steffkotter.com\/music\/","name":"Steff Kotter MUSIC","description":"Piano Solo | Kill Scoville | Monsta Voicepack","publisher":{"@id":"https:\/\/www.steffkotter.com\/music\/#organization"},"potentialAction":[{"@type":"SearchAction","target":{"@type":"EntryPoint","urlTemplate":"https:\/\/www.steffkotter.com\/music\/?s={search_term_string}"},"query-input":{"@type":"PropertyValueSpecification","valueRequired":true,"valueName":"search_term_string"}}],"inLanguage":"de"},{"@type":"Organization","@id":"https:\/\/www.steffkotter.com\/music\/#organization","name":"STEFF KOTTER MUSIC","url":"https:\/\/www.steffkotter.com\/music\/","logo":{"@type":"ImageObject","inLanguage":"de","@id":"https:\/\/www.steffkotter.com\/music\/#\/schema\/logo\/image\/","url":"https:\/\/www.steffkotter.com\/music\/wp-content\/uploads\/2018\/12\/LOGO-Steff-Kotter.png","contentUrl":"https:\/\/www.steffkotter.com\/music\/wp-content\/uploads\/2018\/12\/LOGO-Steff-Kotter.png","width":878,"height":454,"caption":"STEFF KOTTER MUSIC"},"image":{"@id":"https:\/\/www.steffkotter.com\/music\/#\/schema\/logo\/image\/"},"sameAs":["https:\/\/www.facebook.com\/KillScoville\/","https:\/\/www.youtube.com\/user\/steffkotter\/videos"]}]}},"_links":{"self":[{"href":"https:\/\/www.steffkotter.com\/music\/wp-json\/wp\/v2\/pages\/886","targetHints":{"allow":["GET"]}}],"collection":[{"href":"https:\/\/www.steffkotter.com\/music\/wp-json\/wp\/v2\/pages"}],"about":[{"href":"https:\/\/www.steffkotter.com\/music\/wp-json\/wp\/v2\/types\/page"}],"author":[{"embeddable":true,"href":"https:\/\/www.steffkotter.com\/music\/wp-json\/wp\/v2\/users\/4"}],"replies":[{"embeddable":true,"href":"https:\/\/www.steffkotter.com\/music\/wp-json\/wp\/v2\/comments?post=886"}],"version-history":[{"count":29,"href":"https:\/\/www.steffkotter.com\/music\/wp-json\/wp\/v2\/pages\/886\/revisions"}],"predecessor-version":[{"id":2586,"href":"https:\/\/www.steffkotter.com\/music\/wp-json\/wp\/v2\/pages\/886\/revisions\/2586"}],"wp:attachment":[{"href":"https:\/\/www.steffkotter.com\/music\/wp-json\/wp\/v2\/media?parent=886"}],"curies":[{"name":"wp","href":"https:\/\/api.w.org\/{rel}","templated":true}]}}