{"id":872,"date":"2014-06-14T19:31:13","date_gmt":"2014-06-14T17:31:13","guid":{"rendered":"http:\/\/www.steffkotter.com\/music\/?page_id=872"},"modified":"2021-09-18T15:36:21","modified_gmt":"2021-09-18T13:36:21","slug":"kontakt-2","status":"publish","type":"page","link":"https:\/\/www.steffkotter.com\/music\/kontakt-2\/","title":{"rendered":"Kontakt"},"content":{"rendered":"<p>[et_pb_section fb_built=&#8220;1&#8243; _builder_version=&#8220;3.22&#8243; bb_built=&#8220;1&#8243; _i=&#8220;0&#8243; _address=&#8220;0&#8243;][et_pb_row _builder_version=&#8220;3.25&#8243; background_size=&#8220;initial&#8220; background_position=&#8220;top_left&#8220; background_repeat=&#8220;repeat&#8220; _i=&#8220;0&#8243; _address=&#8220;0.0&#8243; column_structure=&#8220;2_3,1_3&#8243;][et_pb_column type=&#8220;2_3&#8243; _builder_version=&#8220;3.25&#8243; custom_padding=&#8220;|||&#8220; _i=&#8220;0&#8243; _address=&#8220;0.0.0&#8243; custom_padding__hover=&#8220;|||&#8220;][et_pb_contact_form captcha=&#8220;off&#8220; email=&#8220;office@steffkotter.com&#8220; title=&#8220;Anfrage BOOKING&#8220; success_message=&#8220;Vielen Dank f\u00fcr Ihre Nachricht! Ich werde mich schnellstm\u00f6glich bei Ihnen melden. Liebe Gr\u00fc\u00dfe, Steff Kotter&#8220; submit_button_text=&#8220;Anfrage senden&#8220; admin_label=&#8220;Contact Form&#8220; module_id=&#8220;contact-form&#8220; _builder_version=&#8220;3.17.6&#8243; custom_button=&#8220;on&#8220; button_text_color=&#8220;#e06767&#8243; button_border_color=&#8220;#e06767&#8243; button_icon_color=&#8220;#e06767&#8243; _i=&#8220;0&#8243; _address=&#8220;0.0.0.0&#8243;][et_pb_contact_field field_id=&#8220;Name&#8220; field_title=&#8220;Name&#8220; _builder_version=&#8220;3.17.6&#8243; _i=&#8220;0&#8243; _address=&#8220;0.0.0.0.0&#8243;][\/et_pb_contact_field][et_pb_contact_field field_id=&#8220;Email&#8220; field_title=&#8220;E-Mail-Adresse&#8220; field_type=&#8220;email&#8220; _builder_version=&#8220;3.17.6&#8243; _i=&#8220;1&#8243; _address=&#8220;0.0.0.0.1&#8243;][\/et_pb_contact_field][et_pb_contact_field field_id=&#8220;Message&#8220; field_title=&#8220;Nachricht&#8220; field_type=&#8220;text&#8220; fullwidth_field=&#8220;on&#8220; _builder_version=&#8220;3.17.6&#8243; _i=&#8220;2&#8243; _address=&#8220;0.0.0.0.2&#8243;][\/et_pb_contact_field][et_pb_contact_field field_id=&#8220;Field_4&#8243; field_title=&#8220;DATENSCHUTZ&#8220; field_type=&#8220;checkbox&#8220; checkbox_options=&#8220;%91{%22value%22:%22Ich habe die Datenschutzerkl\u00e4rung gelesen und stimme zu, dass Steff Kotter meinen Namen und meine Email zur Beantwortung meiner Anfrage verarbeitet und speichert.%22,%22checked%22:0}%93&#8243; _builder_version=&#8220;3.17.6&#8243; _i=&#8220;3&#8243; _address=&#8220;0.0.0.0.3&#8243;][\/et_pb_contact_field][\/et_pb_contact_form][et_pb_code _builder_version=&#8220;3.17.6&#8243; custom_css_main_element=&#8220;display:none;&#8220; _i=&#8220;1&#8243; _address=&#8220;0.0.0.1&#8243;]<script>!function(c,i){c(function(){\"use strict\";var c=jQuery(\"#contact-form\").find(\".et_pb_contact_field_checkbox\").children(\"label\");c.html(c.html().replace(\"Datenschutzerkl\u00e4rung\",'<a href=\"https:\/\/steffkotter.com\/music\/datenschutz\" target=\"_blank\">Datenschutzerkl\u00e4rung<\/a>'))})}(jQuery,window);<\/script>[\/et_pb_code][\/et_pb_column][et_pb_column type=&#8220;1_3&#8243; _builder_version=&#8220;3.25&#8243; custom_padding=&#8220;|||&#8220; _i=&#8220;1&#8243; _address=&#8220;0.0.1&#8243; custom_padding__hover=&#8220;|||&#8220;][et_pb_text _builder_version=&#8220;3.27.4&#8243; background_size=&#8220;initial&#8220; background_position=&#8220;top_left&#8220; background_repeat=&#8220;repeat&#8220; _i=&#8220;0&#8243; _address=&#8220;0.0.1.0&#8243;]<\/p>\n<h3><\/h3>\n<h3>Steff Kotter<\/h3>\n<p>Rilkeweg 5 | 8010 Graz<br \/>0699 120 530 97<br \/>office@steffkotter.com<\/p>\n<p>&nbsp;<\/p>\n<p>[\/et_pb_text][\/et_pb_column][\/et_pb_row][et_pb_row disabled_on=&#8220;||on&#8220; _builder_version=&#8220;3.25&#8243; _i=&#8220;1&#8243; _address=&#8220;0.1&#8243;][et_pb_column type=&#8220;4_4&#8243; _builder_version=&#8220;3.25&#8243; custom_padding=&#8220;|||&#8220; _i=&#8220;0&#8243; _address=&#8220;0.1.0&#8243; custom_padding__hover=&#8220;|||&#8220;][et_pb_button button_url=&#8220;tel:%200043699120%20530%2097&#8243; url_new_window=&#8220;on&#8220; button_text=&#8220;Steff Kotter anrufen&#8220; button_alignment=&#8220;center&#8220; admin_label=&#8220;Taste telefon&#8220; _builder_version=&#8220;3.17.6&#8243; custom_button=&#8220;on&#8220; button_text_size=&#8220;48&#8243; button_text_color=&#8220;#e06767&#8243; button_border_color=&#8220;#e06767&#8243; button_icon_color=&#8220;#e06767&#8243; button_text_size_last_edited=&#8220;off|&#8220; _i=&#8220;0&#8243; _address=&#8220;0.1.0.0&#8243;][\/et_pb_button][\/et_pb_column][\/et_pb_row][\/et_pb_section][et_pb_section fb_built=&#8220;1&#8243; _builder_version=&#8220;3.22&#8243; bb_built=&#8220;1&#8243; _i=&#8220;1&#8243; _address=&#8220;1&#8243;][et_pb_row _builder_version=&#8220;3.25&#8243; background_size=&#8220;initial&#8220; background_position=&#8220;top_left&#8220; background_repeat=&#8220;repeat&#8220; _i=&#8220;0&#8243; _address=&#8220;1.0&#8243; column_structure=&#8220;1_3,1_3,1_3&#8243;][et_pb_column type=&#8220;1_3&#8243; _builder_version=&#8220;3.25&#8243; custom_padding=&#8220;|||&#8220; _i=&#8220;0&#8243; _address=&#8220;1.0.0&#8243; custom_padding__hover=&#8220;|||&#8220;][et_pb_text _builder_version=&#8220;3.29.3&#8243; hover_enabled=&#8220;0&#8243; _i=&#8220;0&#8243; _address=&#8220;1.0.0.0&#8243;]<\/p>\n<p><a href=\"https:\/\/www.facebook.com\/steffkotter\"><img loading=\"lazy\" decoding=\"async\" class=\"wp-image-2510 alignnone\" src=\"https:\/\/www.steffkotter.com\/music\/wp-content\/uploads\/2019\/02\/2.png\" alt=\"\" width=\"100\" height=\"100\" \/><\/a><a href=\"https:\/\/www.facebook.com\/KillScoville\/\"><img loading=\"lazy\" decoding=\"async\" class=\"wp-image-2509 alignnone\" src=\"https:\/\/www.steffkotter.com\/music\/wp-content\/uploads\/2019\/02\/1.png\" alt=\"\" width=\"100\" height=\"100\" \/><\/a><\/p>\n<p>[\/et_pb_text][\/et_pb_column][et_pb_column type=&#8220;1_3&#8243; _builder_version=&#8220;3.25&#8243; custom_padding=&#8220;|||&#8220; _i=&#8220;1&#8243; _address=&#8220;1.0.1&#8243; custom_padding__hover=&#8220;|||&#8220;][\/et_pb_column][et_pb_column type=&#8220;1_3&#8243; _builder_version=&#8220;3.25&#8243; custom_padding=&#8220;|||&#8220; _i=&#8220;2&#8243; _address=&#8220;1.0.2&#8243; custom_padding__hover=&#8220;|||&#8220;][\/et_pb_column][\/et_pb_row][\/et_pb_section]<\/p>\n","protected":false},"excerpt":{"rendered":"<p>Steff Kotter Rilkeweg 5 | 8010 Graz0699 120 530 97office@steffkotter.com &nbsp;<\/p>\n","protected":false},"author":4,"featured_media":0,"parent":0,"menu_order":0,"comment_status":"open","ping_status":"closed","template":"","meta":{"_et_pb_use_builder":"on","_et_pb_old_content":"","_et_gb_content_width":"","footnotes":""},"class_list":["post-872","page","type-page","status-publish","hentry"],"yoast_head":"<!-- This site is optimized with the Yoast SEO plugin v26.8 - https:\/\/yoast.com\/product\/yoast-seo-wordpress\/ -->\n<title>Kontakt - Steff Kotter MUSIC<\/title>\n<meta name=\"robots\" content=\"index, follow, max-snippet:-1, max-image-preview:large, max-video-preview:-1\" \/>\n<link rel=\"canonical\" href=\"http:\/\/www.steffkotter.com\/music\/kontakt-2\/\" \/>\n<meta property=\"og:locale\" content=\"de_DE\" \/>\n<meta property=\"og:type\" content=\"article\" \/>\n<meta property=\"og:title\" content=\"Kontakt - Steff Kotter MUSIC\" \/>\n<meta property=\"og:description\" content=\"Steff Kotter Rilkeweg 5 | 8010 Graz0699 120 530 97office@steffkotter.com &nbsp;\" \/>\n<meta property=\"og:url\" content=\"http:\/\/www.steffkotter.com\/music\/kontakt-2\/\" \/>\n<meta property=\"og:site_name\" content=\"Steff Kotter MUSIC\" \/>\n<meta property=\"article:publisher\" content=\"https:\/\/www.facebook.com\/KillScoville\/\" \/>\n<meta property=\"article:modified_time\" content=\"2021-09-18T13:36:21+00:00\" \/>\n<meta property=\"og:image\" content=\"https:\/\/www.steffkotter.com\/music\/wp-content\/uploads\/2019\/02\/2.png\" \/>\n<meta name=\"twitter:card\" content=\"summary_large_image\" \/>\n<meta name=\"twitter:label1\" content=\"Gesch\u00e4tzte Lesezeit\" \/>\n\t<meta name=\"twitter:data1\" content=\"2\u00a0Minuten\" \/>\n<script type=\"application\/ld+json\" class=\"yoast-schema-graph\">{\"@context\":\"https:\/\/schema.org\",\"@graph\":[{\"@type\":\"WebPage\",\"@id\":\"http:\/\/www.steffkotter.com\/music\/kontakt-2\/\",\"url\":\"http:\/\/www.steffkotter.com\/music\/kontakt-2\/\",\"name\":\"Kontakt - Steff Kotter MUSIC\",\"isPartOf\":{\"@id\":\"http:\/\/www.steffkotter.com\/music\/#website\"},\"primaryImageOfPage\":{\"@id\":\"http:\/\/www.steffkotter.com\/music\/kontakt-2\/#primaryimage\"},\"image\":{\"@id\":\"http:\/\/www.steffkotter.com\/music\/kontakt-2\/#primaryimage\"},\"thumbnailUrl\":\"https:\/\/www.steffkotter.com\/music\/wp-content\/uploads\/2019\/02\/2.png\",\"datePublished\":\"2014-06-14T17:31:13+00:00\",\"dateModified\":\"2021-09-18T13:36:21+00:00\",\"breadcrumb\":{\"@id\":\"http:\/\/www.steffkotter.com\/music\/kontakt-2\/#breadcrumb\"},\"inLanguage\":\"de\",\"potentialAction\":[{\"@type\":\"ReadAction\",\"target\":[\"http:\/\/www.steffkotter.com\/music\/kontakt-2\/\"]}]},{\"@type\":\"ImageObject\",\"inLanguage\":\"de\",\"@id\":\"http:\/\/www.steffkotter.com\/music\/kontakt-2\/#primaryimage\",\"url\":\"https:\/\/www.steffkotter.com\/music\/wp-content\/uploads\/2019\/02\/2.png\",\"contentUrl\":\"https:\/\/www.steffkotter.com\/music\/wp-content\/uploads\/2019\/02\/2.png\",\"width\":150,\"height\":150},{\"@type\":\"BreadcrumbList\",\"@id\":\"http:\/\/www.steffkotter.com\/music\/kontakt-2\/#breadcrumb\",\"itemListElement\":[{\"@type\":\"ListItem\",\"position\":1,\"name\":\"Startseite\",\"item\":\"http:\/\/www.steffkotter.com\/music\/\"},{\"@type\":\"ListItem\",\"position\":2,\"name\":\"Kontakt\"}]},{\"@type\":\"WebSite\",\"@id\":\"http:\/\/www.steffkotter.com\/music\/#website\",\"url\":\"http:\/\/www.steffkotter.com\/music\/\",\"name\":\"Steff Kotter MUSIC\",\"description\":\"Piano Solo | Kill Scoville | Monsta Voicepack\",\"publisher\":{\"@id\":\"http:\/\/www.steffkotter.com\/music\/#organization\"},\"potentialAction\":[{\"@type\":\"SearchAction\",\"target\":{\"@type\":\"EntryPoint\",\"urlTemplate\":\"http:\/\/www.steffkotter.com\/music\/?s={search_term_string}\"},\"query-input\":{\"@type\":\"PropertyValueSpecification\",\"valueRequired\":true,\"valueName\":\"search_term_string\"}}],\"inLanguage\":\"de\"},{\"@type\":\"Organization\",\"@id\":\"http:\/\/www.steffkotter.com\/music\/#organization\",\"name\":\"STEFF KOTTER MUSIC\",\"url\":\"http:\/\/www.steffkotter.com\/music\/\",\"logo\":{\"@type\":\"ImageObject\",\"inLanguage\":\"de\",\"@id\":\"http:\/\/www.steffkotter.com\/music\/#\/schema\/logo\/image\/\",\"url\":\"https:\/\/www.steffkotter.com\/music\/wp-content\/uploads\/2018\/12\/LOGO-Steff-Kotter.png\",\"contentUrl\":\"https:\/\/www.steffkotter.com\/music\/wp-content\/uploads\/2018\/12\/LOGO-Steff-Kotter.png\",\"width\":878,\"height\":454,\"caption\":\"STEFF KOTTER MUSIC\"},\"image\":{\"@id\":\"http:\/\/www.steffkotter.com\/music\/#\/schema\/logo\/image\/\"},\"sameAs\":[\"https:\/\/www.facebook.com\/KillScoville\/\",\"https:\/\/www.youtube.com\/user\/steffkotter\/videos\"]}]}<\/script>\n<!-- \/ Yoast SEO plugin. -->","yoast_head_json":{"title":"Kontakt - Steff Kotter MUSIC","robots":{"index":"index","follow":"follow","max-snippet":"max-snippet:-1","max-image-preview":"max-image-preview:large","max-video-preview":"max-video-preview:-1"},"canonical":"http:\/\/www.steffkotter.com\/music\/kontakt-2\/","og_locale":"de_DE","og_type":"article","og_title":"Kontakt - Steff Kotter MUSIC","og_description":"Steff Kotter Rilkeweg 5 | 8010 Graz0699 120 530 97office@steffkotter.com &nbsp;","og_url":"http:\/\/www.steffkotter.com\/music\/kontakt-2\/","og_site_name":"Steff Kotter MUSIC","article_publisher":"https:\/\/www.facebook.com\/KillScoville\/","article_modified_time":"2021-09-18T13:36:21+00:00","og_image":[{"url":"https:\/\/www.steffkotter.com\/music\/wp-content\/uploads\/2019\/02\/2.png","type":"","width":"","height":""}],"twitter_card":"summary_large_image","twitter_misc":{"Gesch\u00e4tzte Lesezeit":"2\u00a0Minuten"},"schema":{"@context":"https:\/\/schema.org","@graph":[{"@type":"WebPage","@id":"http:\/\/www.steffkotter.com\/music\/kontakt-2\/","url":"http:\/\/www.steffkotter.com\/music\/kontakt-2\/","name":"Kontakt - Steff Kotter MUSIC","isPartOf":{"@id":"http:\/\/www.steffkotter.com\/music\/#website"},"primaryImageOfPage":{"@id":"http:\/\/www.steffkotter.com\/music\/kontakt-2\/#primaryimage"},"image":{"@id":"http:\/\/www.steffkotter.com\/music\/kontakt-2\/#primaryimage"},"thumbnailUrl":"https:\/\/www.steffkotter.com\/music\/wp-content\/uploads\/2019\/02\/2.png","datePublished":"2014-06-14T17:31:13+00:00","dateModified":"2021-09-18T13:36:21+00:00","breadcrumb":{"@id":"http:\/\/www.steffkotter.com\/music\/kontakt-2\/#breadcrumb"},"inLanguage":"de","potentialAction":[{"@type":"ReadAction","target":["http:\/\/www.steffkotter.com\/music\/kontakt-2\/"]}]},{"@type":"ImageObject","inLanguage":"de","@id":"http:\/\/www.steffkotter.com\/music\/kontakt-2\/#primaryimage","url":"https:\/\/www.steffkotter.com\/music\/wp-content\/uploads\/2019\/02\/2.png","contentUrl":"https:\/\/www.steffkotter.com\/music\/wp-content\/uploads\/2019\/02\/2.png","width":150,"height":150},{"@type":"BreadcrumbList","@id":"http:\/\/www.steffkotter.com\/music\/kontakt-2\/#breadcrumb","itemListElement":[{"@type":"ListItem","position":1,"name":"Startseite","item":"http:\/\/www.steffkotter.com\/music\/"},{"@type":"ListItem","position":2,"name":"Kontakt"}]},{"@type":"WebSite","@id":"http:\/\/www.steffkotter.com\/music\/#website","url":"http:\/\/www.steffkotter.com\/music\/","name":"Steff Kotter MUSIC","description":"Piano Solo | Kill Scoville | Monsta Voicepack","publisher":{"@id":"http:\/\/www.steffkotter.com\/music\/#organization"},"potentialAction":[{"@type":"SearchAction","target":{"@type":"EntryPoint","urlTemplate":"http:\/\/www.steffkotter.com\/music\/?s={search_term_string}"},"query-input":{"@type":"PropertyValueSpecification","valueRequired":true,"valueName":"search_term_string"}}],"inLanguage":"de"},{"@type":"Organization","@id":"http:\/\/www.steffkotter.com\/music\/#organization","name":"STEFF KOTTER MUSIC","url":"http:\/\/www.steffkotter.com\/music\/","logo":{"@type":"ImageObject","inLanguage":"de","@id":"http:\/\/www.steffkotter.com\/music\/#\/schema\/logo\/image\/","url":"https:\/\/www.steffkotter.com\/music\/wp-content\/uploads\/2018\/12\/LOGO-Steff-Kotter.png","contentUrl":"https:\/\/www.steffkotter.com\/music\/wp-content\/uploads\/2018\/12\/LOGO-Steff-Kotter.png","width":878,"height":454,"caption":"STEFF KOTTER MUSIC"},"image":{"@id":"http:\/\/www.steffkotter.com\/music\/#\/schema\/logo\/image\/"},"sameAs":["https:\/\/www.facebook.com\/KillScoville\/","https:\/\/www.youtube.com\/user\/steffkotter\/videos"]}]}},"_links":{"self":[{"href":"https:\/\/www.steffkotter.com\/music\/wp-json\/wp\/v2\/pages\/872","targetHints":{"allow":["GET"]}}],"collection":[{"href":"https:\/\/www.steffkotter.com\/music\/wp-json\/wp\/v2\/pages"}],"about":[{"href":"https:\/\/www.steffkotter.com\/music\/wp-json\/wp\/v2\/types\/page"}],"author":[{"embeddable":true,"href":"https:\/\/www.steffkotter.com\/music\/wp-json\/wp\/v2\/users\/4"}],"replies":[{"embeddable":true,"href":"https:\/\/www.steffkotter.com\/music\/wp-json\/wp\/v2\/comments?post=872"}],"version-history":[{"count":14,"href":"https:\/\/www.steffkotter.com\/music\/wp-json\/wp\/v2\/pages\/872\/revisions"}],"predecessor-version":[{"id":2762,"href":"https:\/\/www.steffkotter.com\/music\/wp-json\/wp\/v2\/pages\/872\/revisions\/2762"}],"wp:attachment":[{"href":"https:\/\/www.steffkotter.com\/music\/wp-json\/wp\/v2\/media?parent=872"}],"curies":[{"name":"wp","href":"https:\/\/api.w.org\/{rel}","templated":true}]}}